{"id":8,"date":"2026-01-26T22:30:13","date_gmt":"2026-01-26T22:30:13","guid":{"rendered":"https:\/\/kitebuggy.pl\/?page_id=8"},"modified":"2026-04-06T22:45:05","modified_gmt":"2026-04-06T22:45:05","slug":"strona-glowna","status":"publish","type":"page","link":"https:\/\/kitebuggy.pl\/en\/","title":{"rendered":"HOME"},"content":{"rendered":"<div data-colibri-id=\"8-c1\" class=\"style-196 style-local-8-c1 position-relative\">\n  <!---->\n  <div data-colibri-component=\"section\" data-colibri-id=\"8-c10\" id=\"overlappable\" class=\"h-section h-section-global-spacing d-flex align-items-lg-center align-items-md-center align-items-center style-211 style-local-8-c10 position-relative\">\n    <!---->\n    <!---->\n    <div class=\"h-section-grid-container h-section-boxed-container\">\n      <!---->\n      <div data-colibri-id=\"8-c11\" class=\"h-row-container gutters-row-lg-0 gutters-row-md-0 gutters-row-2 gutters-row-v-lg-0 gutters-row-v-md-0 gutters-row-v-2 style-212 style-local-8-c11 position-relative\">\n        <!---->\n        <div class=\"h-row justify-content-lg-center justify-content-md-center justify-content-center align-items-lg-stretch align-items-md-stretch align-items-stretch gutters-col-lg-0 gutters-col-md-0 gutters-col-2 gutters-col-v-lg-0 gutters-col-v-md-0 gutters-col-v-2\">\n          <!---->\n          <div class=\"h-column h-column-container d-flex h-col-lg-3 h-col-md-3 h-col-12 style-213-outer style-local-8-c12-outer\">\n            <div data-colibri-id=\"8-c12\" class=\"d-flex h-flex-basis h-column__inner h-px-lg-3 h-px-md-3 h-px-2 v-inner-lg-3 v-inner-md-3 v-inner-2 style-213 style-local-8-c12 position-relative\">\n              <!---->\n              <!---->\n              <div class=\"w-100 h-y-container h-column__content h-column__v-align flex-basis-100 align-self-lg-center align-self-md-center align-self-center\">\n                <!---->\n                <div data-colibri-id=\"8-c13\" class=\"h-icon style-214 style-local-8-c13 position-relative h-element\">\n                  <!---->\n                  <a href=\"https:\/\/kitebuggy.pl\/en\/tabela-pd\/\" h-use-smooth-scroll=\"true\"><span class=\"h-svg-icon h-icon__icon style-214-icon style-local-8-c13-icon\"><!--Icon by Font Awesome (https:\/\/fontawesome.com)-->\n    <svg version=\"1.1\" xmlns=\"http:\/\/www.w3.org\/2000\/svg\" xmlns:xlink=\"http:\/\/www.w3.org\/1999\/xlink\" id=\"trophy\" viewbox=\"0 0 1664 1896.0833\">\n      <path d=\"M458 883q-74-162-74-371H128v96q0 78 94.5 162T458 883zm1078-275v-96h-256q0 209-74 371 141-29 235.5-113t94.5-162zm128-128v128q0 71-41.5 143t-112 130-173 97.5T1122 1023q-42 54-95 95-38 34-52.5 72.5T960 1280q0 54 30.5 91t97.5 37q75 0 133.5 45.5T1280 1568v64q0 14-9 23t-23 9H416q-14 0-23-9t-9-23v-64q0-69 58.5-114.5T576 1408q67 0 97.5-37t30.5-91q0-51-14.5-89.5T637 1118q-53-41-95-95-113-5-215.5-44.5t-173-97.5-112-130T0 608V480q0-40 28-68t68-28h288v-96q0-66 47-113t113-47h576q66 0 113 47t47 113v96h288q40 0 68 28t28 68z\"><\/path>\n    <\/svg><\/span><\/a>\n                <\/div>\n                <div data-colibri-id=\"8-c14\" class=\"h-global-transition-all h-heading style-215 style-local-8-c14 position-relative h-element\">\n                  <!---->\n                  <div class=\"h-heading__outer style-215 style-local-8-c14\">\n                    <!---->\n                    <!---->\n                    <a href=\"https:\/\/kitebuggy.pl\/en\/tabela-pd\/\" h-use-smooth-scroll=\"true\">\n                      <h5 class=\"\">rankingi kbpl&nbsp;<\/h5>\n                    <\/a>\n                  <\/div>\n                <\/div>\n                <div data-colibri-id=\"8-c15\" class=\"h-text h-text-component style-216 style-local-8-c15 position-relative h-element\">\n                  <!---->\n                  <!---->\n                  <div class=\"\">\n                    <p>Sprawd\u017a aktualny ranking naszych pilot\u00f3w!&nbsp;<\/p>\n                  <\/div>\n                <\/div>\n              <\/div>\n            <\/div>\n          <\/div>\n          <div class=\"h-column h-column-container d-flex h-col-lg-3 h-col-md-3 h-col-12 style-213-outer style-local-8-c16-outer\">\n            <div data-colibri-id=\"8-c16\" class=\"d-flex h-flex-basis h-column__inner h-px-lg-3 h-px-md-3 h-px-2 v-inner-lg-3 v-inner-md-3 v-inner-2 style-213 style-local-8-c16 position-relative\">\n              <!---->\n              <!---->\n              <div class=\"w-100 h-y-container h-column__content h-column__v-align flex-basis-100 align-self-lg-center align-self-md-center align-self-center\">\n                <!---->\n                <div data-colibri-id=\"8-c17\" class=\"h-icon style-214 style-local-8-c17 position-relative h-element\">\n                  <!---->\n                  <a href=\"https:\/\/kitebuggy.pl\/en\/czlonkowstwo\/\" h-use-smooth-scroll=\"true\"><span class=\"h-svg-icon h-icon__icon style-214-icon style-local-8-c17-icon\"><!--Icon by Font Awesome (https:\/\/fontawesome.com)-->\n    <svg version=\"1.1\" xmlns=\"http:\/\/www.w3.org\/2000\/svg\" xmlns:xlink=\"http:\/\/www.w3.org\/1999\/xlink\" id=\"drivers-license-o\" viewbox=\"0 0 2048 1896.0833\">\n      <path d=\"M896 1212q0 55-31.5 93.5T789 1344H363q-44 0-75.5-38.5T256 1212q0-54 7.5-100.5t24.5-90 51-68.5 81-25q64 64 156 64t156-64q47 0 81 25t51 68.5 24.5 90T896 1212zM768 768q0 80-56 136t-136 56-136-56-56-136 56-136 136-56 136 56 56 136zm1024 416v64q0 14-9 23t-23 9h-704q-14 0-23-9t-9-23v-64q0-14 9-23t23-9h704q14 0 23 9t9 23zm-384-256v64q0 14-9 23t-23 9h-320q-14 0-23-9t-9-23v-64q0-14 9-23t23-9h320q14 0 23 9t9 23zm384 0v64q0 14-9 23t-23 9h-192q-14 0-23-9t-9-23v-64q0-14 9-23t23-9h192q14 0 23 9t9 23zm0-256v64q0 14-9 23t-23 9h-704q-14 0-23-9t-9-23v-64q0-14 9-23t23-9h704q14 0 23 9t9 23zm128 832V384H128v1120q0 13 9.5 22.5t22.5 9.5h1728q13 0 22.5-9.5t9.5-22.5zm128-1216v1216q0 66-47 113t-113 47H160q-66 0-113-47T0 1504V288q0-66 47-113t113-47h1728q66 0 113 47t47 113z\"><\/path>\n    <\/svg><\/span><\/a>\n                <\/div>\n                <div data-colibri-id=\"8-c18\" class=\"h-global-transition-all h-heading style-215 style-local-8-c18 position-relative h-element\">\n                  <!---->\n                  <div class=\"h-heading__outer style-215 style-local-8-c18\">\n                    <!---->\n                    <!---->\n                    <a href=\"https:\/\/kitebuggy.pl\/en\/czlonkowstwo\/\" h-use-smooth-scroll=\"true\">\n                      <h5 class=\"\">Do\u0142\u0105cz do kbp!<\/h5>\n                    <\/a>\n                  <\/div>\n                <\/div>\n                <div data-colibri-id=\"8-c19\" class=\"h-text h-text-component style-216 style-local-8-c19 position-relative h-element\">\n                  <!---->\n                  <!---->\n                  <div class=\"\">\n                    <p>Do\u0142\u0105cz do Stowarzyszenia Kite Buggy Polska!<\/p>\n                  <\/div>\n                <\/div>\n              <\/div>\n            <\/div>\n          <\/div>\n          <div class=\"h-column h-column-container d-flex h-col-lg-3 h-col-md-3 h-col-12 style-213-outer style-local-8-c20-outer\">\n            <div data-colibri-id=\"8-c20\" class=\"d-flex h-flex-basis h-column__inner h-px-lg-3 h-px-md-3 h-px-2 v-inner-lg-3 v-inner-md-3 v-inner-2 style-213 style-local-8-c20 position-relative\">\n              <!---->\n              <!---->\n              <div class=\"w-100 h-y-container h-column__content h-column__v-align flex-basis-100 align-self-lg-center align-self-md-center align-self-center\">\n                <!---->\n                <div data-colibri-id=\"8-c21\" class=\"h-icon style-214 style-local-8-c21 position-relative h-element\">\n                  <!---->\n                  <a href=\"https:\/\/kitebuggy.pl\/en\/wstep\/\" h-use-smooth-scroll=\"true\"><span class=\"h-svg-icon h-icon__icon style-214-icon style-local-8-c21-icon\"><!--Icon by Font Awesome (https:\/\/fontawesome.com)-->\n    <svg version=\"1.1\" xmlns=\"http:\/\/www.w3.org\/2000\/svg\" xmlns:xlink=\"http:\/\/www.w3.org\/1999\/xlink\" id=\"drivers-license\" viewbox=\"0 0 2048 1896.0833\">\n      <path d=\"M896 1212q0-54-7.5-100.5t-24.5-90-51-68.5-81-25q-64 64-156 64t-156-64q-47 0-81 25t-51 68.5-24.5 90T256 1212q0 55 31.5 93.5T363 1344h426q44 0 75.5-38.5T896 1212zM768 768q0-80-56-136t-136-56-136 56-56 136 56 136 136 56 136-56 56-136zm1024 480v-64q0-14-9-23t-23-9h-704q-14 0-23 9t-9 23v64q0 14 9 23t23 9h704q14 0 23-9t9-23zm-384-256v-64q0-14-9-23t-23-9h-320q-14 0-23 9t-9 23v64q0 14 9 23t23 9h320q14 0 23-9t9-23zm384 0v-64q0-14-9-23t-23-9h-192q-14 0-23 9t-9 23v64q0 14 9 23t23 9h192q14 0 23-9t9-23zm0-256v-64q0-14-9-23t-23-9h-704q-14 0-23 9t-9 23v64q0 14 9 23t23 9h704q14 0 23-9t9-23zM128 384h1792v-96q0-14-9-23t-23-9H160q-14 0-23 9t-9 23v96zm1920-96v1216q0 66-47 113t-113 47H160q-66 0-113-47T0 1504V288q0-66 47-113t113-47h1728q66 0 113 47t47 113z\"><\/path>\n    <\/svg><\/span><\/a>\n                <\/div>\n                <div data-colibri-id=\"8-c22\" class=\"h-global-transition-all h-heading style-215 style-local-8-c22 position-relative h-element\">\n                  <!---->\n                  <div class=\"h-heading__outer style-215 style-local-8-c22\">\n                    <!---->\n                    <!---->\n                    <h5 class=\"\">licencja kbpl klasa 8<\/h5>\n                  <\/div>\n                <\/div>\n                <div data-colibri-id=\"8-c23\" class=\"h-text h-text-component style-216 style-local-8-c23 position-relative h-element\">\n                  <!---->\n                  <!---->\n                  <div class=\"\">\n                    <p>Zosta\u0144 licencjonowanym pilotem KBPL klasy 8<\/p>\n                  <\/div>\n                <\/div>\n              <\/div>\n            <\/div>\n          <\/div>\n          <div class=\"h-column h-column-container d-flex h-col-lg-3 h-col-md-3 h-col-12 style-217-outer style-local-8-c24-outer\">\n            <div data-colibri-id=\"8-c24\" class=\"d-flex h-flex-basis h-column__inner h-px-lg-3 h-px-md-3 h-px-2 v-inner-lg-3 v-inner-md-3 v-inner-2 style-217 style-local-8-c24 position-relative\">\n              <!---->\n              <!---->\n              <div class=\"w-100 h-y-container h-column__content h-column__v-align flex-basis-100 align-self-lg-center align-self-md-center align-self-center\">\n                <!---->\n                <div data-colibri-id=\"8-c25\" class=\"h-icon style-214 style-local-8-c25 position-relative h-element\">\n                  <!---->\n                  <a href=\"https:\/\/kitebuggy.pl\/en\/sciana-aktywnosci\/\" h-use-smooth-scroll=\"true\"><span class=\"h-svg-icon h-icon__icon style-214-icon style-local-8-c25-icon\"><!--Icon by Font Awesome (https:\/\/fontawesome.com)-->\n    <svg version=\"1.1\" xmlns=\"http:\/\/www.w3.org\/2000\/svg\" xmlns:xlink=\"http:\/\/www.w3.org\/1999\/xlink\" id=\"users\" viewbox=\"0 0 1920 1896.0833\">\n      <path d=\"M593 896q-162 5-265 128H194q-82 0-138-40.5T0 865q0-353 124-353 6 0 43.5 21t97.5 42.5T384 597q67 0 133-23-5 37-5 66 0 139 81 256zm1071 637q0 120-73 189.5t-194 69.5H523q-121 0-194-69.5T256 1533q0-53 3.5-103.5t14-109T300 1212t43-97.5 62-81 85.5-53.5T602 960q10 0 43 21.5t73 48 107 48 135 21.5 135-21.5 107-48 73-48 43-21.5q61 0 111.5 20t85.5 53.5 62 81 43 97.5 26.5 108.5 14 109 3.5 103.5zM640 256q0 106-75 181t-181 75-181-75-75-181 75-181T384 0t181 75 75 181zm704 384q0 159-112.5 271.5T960 1024 688.5 911.5 576 640t112.5-271.5T960 256t271.5 112.5T1344 640zm576 225q0 78-56 118.5t-138 40.5h-134q-103-123-265-128 81-117 81-256 0-29-5-66 66 23 133 23 59 0 119-21.5t97.5-42.5 43.5-21q124 0 124 353zm-128-609q0 106-75 181t-181 75-181-75-75-181 75-181 181-75 181 75 75 181z\"><\/path>\n    <\/svg><\/span><\/a>\n                <\/div>\n                <div data-colibri-id=\"8-c26\" class=\"h-global-transition-all h-heading style-215 style-local-8-c26 position-relative h-element\">\n                  <!---->\n                  <div class=\"h-heading__outer style-215 style-local-8-c26\">\n                    <!---->\n                    <!---->\n                    <a href=\"https:\/\/kitebuggy.pl\/en\/sciana-aktywnosci\/\" h-use-smooth-scroll=\"true\">\n                      <h5 class=\"\">\u015bciana aktywno\u015bci<\/h5>\n                    <\/a>\n                  <\/div>\n                <\/div>\n                <div data-colibri-id=\"8-c27\" class=\"h-text h-text-component style-216 style-local-8-c27 position-relative h-element\">\n                  <!---->\n                  <!---->\n                  <div class=\"\">\n                    <p><span style=\"color: rgb(70, 112, 127); font-family: &quot;Open Sans&quot;; font-size: 16px; font-weight: 400;\">Dziel si\u0119 treningami!<\/span><\/p>\n                  <\/div>\n                <\/div>\n              <\/div>\n            <\/div>\n          <\/div>\n        <\/div>\n      <\/div>\n    <\/div>\n  <\/div>\n  <div data-colibri-component=\"section\" data-colibri-id=\"8-c2\" id=\"initial-content\" class=\"h-section h-section-global-spacing d-flex align-items-lg-center align-items-md-center align-items-center style-197 style-local-8-c2 position-relative\">\n    <!---->\n    <!---->\n    <div class=\"h-section-grid-container h-section-boxed-container\">\n      <!---->\n      <div data-colibri-id=\"8-c3\" class=\"h-row-container gutters-row-lg-2 gutters-row-md-2 gutters-row-0 gutters-row-v-lg-2 gutters-row-v-md-2 gutters-row-v-2 style-198 style-local-8-c3 position-relative\">\n        <!---->\n        <div class=\"h-row justify-content-lg-center justify-content-md-center justify-content-center align-items-lg-stretch align-items-md-stretch align-items-stretch gutters-col-lg-2 gutters-col-md-2 gutters-col-0 gutters-col-v-lg-2 gutters-col-v-md-2 gutters-col-v-2\">\n          <!---->\n          <div class=\"h-column h-column-container d-flex h-col-lg-auto h-col-md-auto h-col-auto style-199-outer style-local-8-c4-outer\">\n            <div data-colibri-id=\"8-c4\" class=\"d-flex h-flex-basis h-column__inner h-px-lg-2 h-px-md-2 h-px-2 v-inner-lg-2 v-inner-md-2 v-inner-2 style-199 style-local-8-c4 position-relative\">\n              <!---->\n              <!---->\n              <div class=\"w-100 h-y-container h-column__content h-column__v-align flex-basis-100 align-self-lg-start align-self-md-start align-self-start\">\n                <!---->\n                <div data-colibri-id=\"8-c5\" class=\"style-200 style-local-8-c5 position-relative h-element\">\n                  <!---->\n                  <div>\n                    \n                    <figure class=\"wp-block-gallery has-nested-images columns-default is-cropped wp-block-gallery-1 is-layout-flex wp-block-gallery-is-layout-flex\">\n                      \n                      <figure class=\"wp-block-image size-large\">\n                        <img loading=\"lazy\" decoding=\"async\" width=\"1024\" height=\"577\" data-id=\"213\" src=\"https:\/\/kitebuggy.pl\/wp-content\/uploads\/2026\/01\/580574729_24970527049263453_2299618128524523759_n-1-1024x577.jpg\" alt=\"\" class=\"wp-image-213\" srcset=\"https:\/\/kitebuggy.pl\/wp-content\/uploads\/2026\/01\/580574729_24970527049263453_2299618128524523759_n-1-1024x577.jpg 1024w, https:\/\/kitebuggy.pl\/wp-content\/uploads\/2026\/01\/580574729_24970527049263453_2299618128524523759_n-1-300x169.jpg 300w, https:\/\/kitebuggy.pl\/wp-content\/uploads\/2026\/01\/580574729_24970527049263453_2299618128524523759_n-1-768x432.jpg 768w, https:\/\/kitebuggy.pl\/wp-content\/uploads\/2026\/01\/580574729_24970527049263453_2299618128524523759_n-1-1536x865.jpg 1536w, https:\/\/kitebuggy.pl\/wp-content\/uploads\/2026\/01\/580574729_24970527049263453_2299618128524523759_n-1-355x200.jpg 355w, https:\/\/kitebuggy.pl\/wp-content\/uploads\/2026\/01\/580574729_24970527049263453_2299618128524523759_n-1.jpg 2048w\" sizes=\"auto, (max-width: 1024px) 100vw, 1024px\" data-no-translation=\"\" \/>\n                      <\/figure>\n                      \n                    <\/figure>\n                    \n\n                    \n                    <h3 class=\"wp-block-heading\">The Official Voice of the Kite Buggy Community in Poland<\/h3>\n                    \n\n                    \n                    <p><strong>Feel the power of the wind, master the kite, and join an elite community of kite buggy pilots.<\/strong><\/p>\n                    \n\n                    \n                    <p>Welcome to the official website of the only nationwide association for kite buggy enthusiasts. We exist to promote one of the most exciting wind sports, maintain high safety standards, and create a space for everyone\u2014from professional racers to those dreaming of their first slide on the beach.<\/p>\n                    \n\n                    \n                    <hr class=\"wp-block-separator has-alpha-channel-opacity\">\n                    \n\n                    \n                    <h3 class=\"wp-block-heading\">Our Mission<\/h3>\n                    \n\n                    \n                    <p>As the official association, we are the foundation of the Polish kite buggy scene. Our goal is not only to popularize the sport but, above all, to build a strong, integrated community of pilots.<\/p>\n                    \n\n                    \n                    <p><strong>What Drives Us?<\/strong><\/p>\n                    \n\n                    \n                    <ul class=\"wp-block-list\">\n                      \n                      <li><strong>Promotion &amp; Development: We represent kite buggy in the media and before government institutions, ensuring access to the best spots in Poland.<\/strong> Reprezentujemy kite buggy w mediach i przed instytucjami pa\u0144stwowymi, dbaj\u0105c o dost\u0119p do najlepszych spot\u00f3w w Polsce.<\/li>\n                      \n\n                      \n                      <li><strong>Education &amp; Safety: We set the standards for safe riding, organize training, and share technical expertise.<\/strong> Wyznaczamy standardy bezpiecznej jazdy, organizujemy szkolenia i dzielimy si\u0119 wiedz\u0105 techniczn\u0105.<\/li>\n                      \n\n                      \n                      <li><strong>Community Integration: We serve as a platform for exchanging experiences, where builders, speed enthusiasts, and technical masters meet.<\/strong> Jeste\u015bmy platform\u0105 wymiany do\u015bwiadcze\u0144. Tu spotykaj\u0105 si\u0119 konstruktorzy, amatorzy pr\u0119dko\u015bci i mistrzowie techniki.<\/li>\n                      \n\n                      \n                      <li><strong>Wsparcie Zawodnik\u00f3w:<\/strong> Athlete Support: We organize and sponsor official competitions, supporting the growth of professional sports in the country.<\/li>\n                      \n                    <\/ul>\n                    \n\n                    \n                    <hr class=\"wp-block-separator has-alpha-channel-opacity\">\n                    \n\n                    \n                    <h3 class=\"wp-block-heading\">Join Us!<\/h3>\n                    \n\n                    \n                    <p>Kite buggy is more than just a sport\u2014it's a lifestyle driven by nature\u2019s raw energy, technical precision, and the community we build. Whether your goal is breaking speed records or enjoying a relaxing cruise across wide sandy beaches or grassy terrains, you\u2019ll find your place in our association.<\/p>\n                    \n\n                    \n                    <p><strong>Together, we are writing the history of Polish kite buggy. Become a member of the official association today!<\/strong><\/p>\n                    \n\n                    \n                    <p><\/p>\n                    \n\n                    \n                    <hr class=\"wp-block-separator has-alpha-channel-opacity\">\n                    \n\n                    \n                    <blockquote class=\"wp-block-quote is-layout-flow wp-block-quote-is-layout-flow\">\n                      \n                      <p>&#8222;<strong>\"As the official governing body, we ensure that Polish kite buggy grows stronger on the international stage. We provide access to official rankings, group trips, and expert support that you won't find anywhere else.\"<\/strong><\/p>\n                      \n                    <\/blockquote>\n                    \n                  <\/div>\n                <\/div>\n              <\/div>\n            <\/div>\n          <\/div>\n        <\/div>\n      <\/div>\n    <\/div>\n  <\/div>\n<\/div>","protected":false},"excerpt":{"rendered":"<p>rankingi kbpl&nbsp; Sprawd\u017a aktualny ranking naszych pilot\u00f3w!&nbsp; Do\u0142\u0105cz do kbp! Do\u0142\u0105cz do Stowarzyszenia [&hellip;]<\/p>\n","protected":false},"author":1,"featured_media":0,"parent":0,"menu_order":0,"comment_status":"closed","ping_status":"closed","template":"page-templates\/full-width-page.php","meta":{"_acf_changed":false,"pagelayer_contact_templates":[],"_pagelayer_content":"","footnotes":""},"class_list":["post-8","page","type-page","status-publish","hentry"],"acf":[],"_links":{"self":[{"href":"https:\/\/kitebuggy.pl\/en\/wp-json\/wp\/v2\/pages\/8","targetHints":{"allow":["GET"]}}],"collection":[{"href":"https:\/\/kitebuggy.pl\/en\/wp-json\/wp\/v2\/pages"}],"about":[{"href":"https:\/\/kitebuggy.pl\/en\/wp-json\/wp\/v2\/types\/page"}],"author":[{"embeddable":true,"href":"https:\/\/kitebuggy.pl\/en\/wp-json\/wp\/v2\/users\/1"}],"replies":[{"embeddable":true,"href":"https:\/\/kitebuggy.pl\/en\/wp-json\/wp\/v2\/comments?post=8"}],"version-history":[{"count":21,"href":"https:\/\/kitebuggy.pl\/en\/wp-json\/wp\/v2\/pages\/8\/revisions"}],"predecessor-version":[{"id":1686,"href":"https:\/\/kitebuggy.pl\/en\/wp-json\/wp\/v2\/pages\/8\/revisions\/1686"}],"wp:attachment":[{"href":"https:\/\/kitebuggy.pl\/en\/wp-json\/wp\/v2\/media?parent=8"}],"curies":[{"name":"wp","href":"https:\/\/api.w.org\/{rel}","templated":true}]}}